{"id":83,"date":"2019-08-30T01:33:10","date_gmt":"2019-08-30T01:33:10","guid":{"rendered":"http:\/\/gccsas.com.co\/?page_id=83"},"modified":"2019-08-30T02:10:27","modified_gmt":"2019-08-30T02:10:27","slug":"nosotros","status":"publish","type":"page","link":"https:\/\/gccsas.com.co\/index.php\/nosotros\/","title":{"rendered":"nosotros"},"content":{"rendered":"\t\t<div data-elementor-type=\"wp-post\" data-elementor-id=\"83\" class=\"elementor elementor-83\">\n\t\t\t\t\t\t<section class=\"elementor-section elementor-top-section elementor-element elementor-element-f4094c4 elementor-section-boxed elementor-section-height-default elementor-section-height-default elementor-invisible\" data-id=\"f4094c4\" data-element_type=\"section\" data-settings=\"{&quot;animation&quot;:&quot;fadeInUp&quot;}\">\n\t\t\t\t\t\t<div class=\"elementor-container elementor-column-gap-default\">\n\t\t\t\t\t<div class=\"elementor-column elementor-col-100 elementor-top-column elementor-element elementor-element-9d6d74c\" data-id=\"9d6d74c\" data-element_type=\"column\">\n\t\t\t<div class=\"elementor-widget-wrap elementor-element-populated\">\n\t\t\t\t\t\t<div class=\"elementor-element elementor-element-3cefa0a elementor-widget elementor-widget-text-editor\" data-id=\"3cefa0a\" data-element_type=\"widget\" data-widget_type=\"text-editor.default\">\n\t\t\t\t<div class=\"elementor-widget-container\">\n\t\t\t\t\t\t\t<p align=\"JUSTIFY\"><span style=\"color: #000000;\"><span style=\"font-family: Arial, serif;\"><span style=\"font-size: medium;\"><i><b>Grupo Consultor Contable SAS<\/b><\/i><\/span><\/span><span style=\"font-family: Arial, serif;\"><span style=\"font-size: medium;\"><i>, es una e<\/i><\/span><\/span><span style=\"font-family: Arial, serif;\"><span style=\"font-size: medium;\"><i>mpresa colombiana de Contadores P\u00fablicos Titulados, Profesionales en Finanzas y comercio exterior, debidamente registrada en la C\u00e1mara de Comercio de Bogot\u00e1 como persona jur\u00eddica, r\u00e9gimen com\u00fan, con sede en la ciudad de Bogot\u00e1. Su objeto social es prestar servicios profesionales en las actividades de la contadur\u00eda p\u00fablica y actividades financieras como: <\/i><\/span><\/span><\/span><\/p><ul><li><p align=\"JUSTIFY\"><span style=\"color: #000000;\"><span style=\"font-family: Arial, serif;\"><span style=\"font-size: medium;\"><i>Asesor\u00eda en NIIF y (Convergencia, transici\u00f3n y aplicaci\u00f3n)<\/i><\/span><\/span><\/span><\/p><\/li><li><p align=\"JUSTIFY\"><span style=\"color: #000000;\"><span style=\"font-family: Arial, serif;\"><span style=\"font-size: medium;\"><i>Asesor\u00eda y manejo como Outsourcing contable <\/i><\/span><\/span><\/span><\/p><\/li><li><p align=\"JUSTIFY\"><span style=\"color: #000000;\"><span style=\"font-family: Arial, serif;\"><span style=\"font-size: medium;\"><i>Revisor\u00eda Fiscal <\/i><\/span><\/span><\/span><\/p><\/li><li><p align=\"JUSTIFY\"><span style=\"color: #000000;\"><span style=\"font-family: Arial, serif;\"><span style=\"font-size: medium;\"><i>Auditor\u00eda externa <\/i><\/span><\/span><\/span><\/p><\/li><li><p align=\"JUSTIFY\"><span style=\"color: #000000;\"><span style=\"font-family: Arial, serif;\"><span style=\"font-size: medium;\"><i>Asesor\u00eda Tributaria<\/i><\/span><\/span><\/span><\/p><\/li><li><p align=\"JUSTIFY\"><span style=\"color: #000000;\"><span style=\"font-family: Arial, serif;\"><span style=\"font-size: medium;\"><i>Asesor\u00eda Financiera <\/i><\/span><\/span><\/span><\/p><\/li><li><p align=\"JUSTIFY\"><span style=\"color: #000000;\"><span style=\"font-family: Arial, serif;\"><span style=\"font-size: medium;\"><i>Asesor\u00eda en Comercio Exterior<\/i><\/span><\/span><\/span><\/p><\/li><li><p align=\"JUSTIFY\"><span style=\"color: #000000;\"><span style=\"font-family: Arial, serif;\"><span style=\"font-size: medium;\"><i>Asesor\u00eda Organizacional<\/i><\/span><\/span><\/span><\/p><\/li><\/ul><p align=\"JUSTIFY\"><span style=\"color: #000000;\"><span style=\"font-family: Arial, serif;\"><span style=\"font-size: medium;\">Nuestra empresa posee experiencia en los servicios que ofrece ya que cuenta con un grupo heterog\u00e9neo de profesionales en Contadur\u00eda P\u00fablica, Comercio Exterior, finanzas, Derecho, Especialistas Tributarios, Administradores de empresas e Ingenieros con m\u00e1s de 17 a\u00f1os de experiencia. Cada uno de los profesionales que participan en el portafolio, peri\u00f3dicamente actualizan sus conocimientos en la medida que la normatividad es modificada. <\/span><\/span><\/span><\/p><p align=\"JUSTIFY\"><span style=\"color: #000000;\"><span style=\"font-family: Arial, serif;\"><span style=\"font-size: medium;\">En nuestra experiencia comercial, nuestros profesionales han contado con la oportunidad de ofrecer servicios a empresas de diferentes sectores como: <\/span><\/span><\/span><\/p><ul><li><p align=\"JUSTIFY\"><span style=\"color: #00000a;\"><span style=\"font-family: Tahoma, serif;\"><span style=\"font-size: medium;\"><span style=\"color: #000000;\"><span style=\"font-family: Arial, serif;\"><b>Empresas de Servicios y Asesor\u00edas:<\/b><\/span><\/span><\/span><\/span><\/span><\/p><\/li><li><p align=\"JUSTIFY\"><span style=\"color: #00000a;\"><span style=\"font-family: Tahoma, serif;\"><span style=\"font-size: medium;\"><span style=\"color: #000000;\"><span style=\"font-family: Arial, serif;\"><b>Empresas Industriales y Manufactura<\/b><\/span><\/span><\/span><\/span><\/span><\/p><\/li><li><p align=\"JUSTIFY\"><b><\/b><span style=\"color: #00000a;\"><span style=\"font-family: Tahoma, serif;\"><span style=\"font-size: medium;\"><span style=\"color: #000000;\"><span style=\"font-family: Arial, serif;\"><b>Empresas Comercializadoras<\/b><\/span><\/span><\/span><\/span><\/span><\/p><\/li><li><p align=\"JUSTIFY\"><span style=\"color: #00000a;\"><span style=\"font-family: Tahoma, serif;\"><span style=\"font-size: medium;\"><span style=\"color: #000000;\"><span style=\"font-family: Arial, serif;\"><b>Empresas Sector Hotelero y Gastron\u00f3mico<\/b><\/span><\/span><\/span><\/span><\/span><\/p><\/li><li><p align=\"JUSTIFY\"><span style=\"color: #00000a;\"><span style=\"font-family: Tahoma, serif;\"><span style=\"font-size: medium;\"><span style=\"color: #000000;\"><span style=\"font-family: Arial, serif;\"><b>ESAL<\/b><\/span><\/span><\/span><\/span><\/span><\/p><\/li><li><p><span style=\"color: #00000a;\"><span style=\"font-family: Tahoma, serif;\"><span style=\"font-size: medium;\"><span style=\"color: #000000;\"><span style=\"font-family: Arial, serif;\"><b>Trabajos en Auditoria <\/b><\/span><\/span> <\/span><\/span><\/span><\/p><\/li><li><p><span style=\"color: #00000a;\"><span style=\"font-family: Tahoma, serif;\"><span style=\"font-size: medium;\"><span style=\"color: #000000;\"><span style=\"font-family: Arial, serif;\"><b>Trabajos en Consultor\u00eda <\/b><\/span><\/span><\/span><\/span><\/span><\/p><\/li><\/ul>\t\t\t\t\t\t<\/div>\n\t\t\t\t<\/div>\n\t\t\t\t\t<\/div>\n\t\t<\/div>\n\t\t\t\t\t<\/div>\n\t\t<\/section>\n\t\t\t\t<\/div>\n\t\t","protected":false},"excerpt":{"rendered":"<p>Grupo Consultor Contable SAS, es una empresa colombiana de Contadores P\u00fablicos Titulados, Profesionales en Finanzas y comercio exterior, debidamente registrada&hellip;<\/p>\n","protected":false},"author":1,"featured_media":79,"parent":0,"menu_order":0,"comment_status":"closed","ping_status":"closed","template":"elementor_header_footer","meta":{"footnotes":""},"_links":{"self":[{"href":"https:\/\/gccsas.com.co\/index.php\/wp-json\/wp\/v2\/pages\/83"}],"collection":[{"href":"https:\/\/gccsas.com.co\/index.php\/wp-json\/wp\/v2\/pages"}],"about":[{"href":"https:\/\/gccsas.com.co\/index.php\/wp-json\/wp\/v2\/types\/page"}],"author":[{"embeddable":true,"href":"https:\/\/gccsas.com.co\/index.php\/wp-json\/wp\/v2\/users\/1"}],"replies":[{"embeddable":true,"href":"https:\/\/gccsas.com.co\/index.php\/wp-json\/wp\/v2\/comments?post=83"}],"version-history":[{"count":4,"href":"https:\/\/gccsas.com.co\/index.php\/wp-json\/wp\/v2\/pages\/83\/revisions"}],"predecessor-version":[{"id":119,"href":"https:\/\/gccsas.com.co\/index.php\/wp-json\/wp\/v2\/pages\/83\/revisions\/119"}],"wp:featuredmedia":[{"embeddable":true,"href":"https:\/\/gccsas.com.co\/index.php\/wp-json\/wp\/v2\/media\/79"}],"wp:attachment":[{"href":"https:\/\/gccsas.com.co\/index.php\/wp-json\/wp\/v2\/media?parent=83"}],"curies":[{"name":"wp","href":"https:\/\/api.w.org\/{rel}","templated":true}]}}